{"id":844,"date":"2023-02-13T10:22:50","date_gmt":"2023-02-13T09:22:50","guid":{"rendered":"https:\/\/s3curity.info\/wp\/?page_id=844"},"modified":"2025-02-02T19:58:32","modified_gmt":"2025-02-02T18:58:32","slug":"lunii","status":"publish","type":"page","link":"https:\/\/s3curity.info\/wp\/lunii\/","title":{"rendered":"Lunii"},"content":{"rendered":"\n<div class=\"wp-block-group alignwide is-vertical is-content-justification-center is-layout-flex wp-container-core-group-is-layout-4b2eccd6 wp-block-group-is-layout-flex\">\n<div class=\"wp-block-group is-content-justification-center is-nowrap is-layout-flex wp-container-core-group-is-layout-94bc23d7 wp-block-group-is-layout-flex\">\n<div class=\"wp-block-group is-content-justification-center is-nowrap is-layout-flex wp-container-core-group-is-layout-94bc23d7 wp-block-group-is-layout-flex\">\n<div class=\"wp-block-group\"><div class=\"wp-block-group__inner-container is-layout-constrained wp-block-group-is-layout-constrained\">\n<figure class=\"wp-block-image size-large\"><img loading=\"lazy\" decoding=\"async\" width=\"1024\" height=\"587\" src=\"https:\/\/s3curity.info\/wp\/wp-content\/uploads\/2023\/02\/572893-1024x587.png\" alt=\"\" class=\"wp-image-384\" srcset=\"https:\/\/s3curity.info\/wp\/wp-content\/uploads\/2023\/02\/572893-1024x587.png 1024w, https:\/\/s3curity.info\/wp\/wp-content\/uploads\/2023\/02\/572893-300x172.png 300w, https:\/\/s3curity.info\/wp\/wp-content\/uploads\/2023\/02\/572893-768x440.png 768w, https:\/\/s3curity.info\/wp\/wp-content\/uploads\/2023\/02\/572893-1536x880.png 1536w, https:\/\/s3curity.info\/wp\/wp-content\/uploads\/2023\/02\/572893.png 1681w\" sizes=\"auto, (max-width: 1024px) 100vw, 1024px\" \/><\/figure>\n\n\n\n<p class=\"has-text-align-center\"><em>Cette boite \u00e0 histoires fonctionne sur le principe des histoires dont vous \u00eates le h\u00e9ro<br>avec la possibilit\u00e9 de choisir plusieurs param\u00e8tres de l&rsquo;histoire<br>De base, vous pouvez cr\u00e9er 48 histoires diff\u00e9rentes et par la suite, en acheter de nouvelles via la LuniiStore<\/em><\/p>\n<\/div><\/div>\n<\/div>\n<\/div>\n<\/div>\n\n\n\n<div style=\"height:100px\" aria-hidden=\"true\" class=\"wp-block-spacer\"><\/div>\n\n\n\n<p class=\"has-text-align-center has-large-font-size\"><strong><em>ACHATS<\/em><\/strong><\/p>\n\n\n\n<div class=\"wp-block-buttons alignwide is-content-justification-center is-layout-flex wp-container-core-buttons-is-layout-16018d1d wp-block-buttons-is-layout-flex\">\n<div class=\"wp-block-button\"><a class=\"wp-block-button__link has-text-align-center wp-element-button\" href=\"https:\/\/amzn.to\/410cttr\">Lunii v3<\/a><\/div>\n<\/div>\n\n\n\n<p><\/p>\n\n\n\n<div style=\"height:100px\" aria-hidden=\"true\" class=\"wp-block-spacer\"><\/div>\n\n\n\n<p class=\"has-text-align-center has-large-font-size\"><strong><em>LIENS DE T\u00c9L\u00c9CHARGEMENTS<\/em><\/strong><\/p>\n\n\n\n<p class=\"has-text-align-center\"><\/p>\n\n\n\n<div class=\"wp-block-buttons is-content-justification-center is-layout-flex wp-container-core-buttons-is-layout-16018d1d wp-block-buttons-is-layout-flex\">\n<div class=\"wp-block-button aligncenter\"><a class=\"wp-block-button__link wp-element-button\" href=\"https:\/\/github.com\/DantSu\/studio\/releases\" target=\"_blank\" rel=\"noreferrer noopener\">STUdio (by DantSu)<\/a><\/div>\n<\/div>\n\n\n\n<p><\/p>\n\n\n\n<p><\/p>\n\n\n\n<div class=\"wp-block-buttons is-content-justification-center is-layout-flex wp-container-core-buttons-is-layout-16018d1d wp-block-buttons-is-layout-flex\">\n<div class=\"wp-block-button\"><a class=\"wp-block-button__link wp-element-button\" href=\"https:\/\/github.com\/Seph29\/LuniiKit_App\/releases\/tag\/2.3.1.2\" target=\"_blank\" rel=\"noreferrer noopener\">LuniiKit (by Seph)<\/a><\/div>\n<\/div>\n\n\n\n<div style=\"height:100px\" aria-hidden=\"true\" class=\"wp-block-spacer\"><\/div>\n\n\n<div class=\"wp-block-image\">\n<figure class=\"aligncenter size-full\"><img loading=\"lazy\" decoding=\"async\" width=\"1024\" height=\"638\" src=\"https:\/\/s3curity.info\/wp\/wp-content\/uploads\/2023\/02\/arbre-1024x638-1.png\" alt=\"\" class=\"wp-image-861\" srcset=\"https:\/\/s3curity.info\/wp\/wp-content\/uploads\/2023\/02\/arbre-1024x638-1.png 1024w, https:\/\/s3curity.info\/wp\/wp-content\/uploads\/2023\/02\/arbre-1024x638-1-300x187.png 300w, https:\/\/s3curity.info\/wp\/wp-content\/uploads\/2023\/02\/arbre-1024x638-1-768x479.png 768w\" sizes=\"auto, (max-width: 1024px) 100vw, 1024px\" \/><\/figure>\n<\/div>\n\n<div class=\"wp-block-image\">\n<figure class=\"aligncenter size-full\"><img loading=\"lazy\" decoding=\"async\" width=\"1024\" height=\"843\" src=\"https:\/\/s3curity.info\/wp\/wp-content\/uploads\/2023\/02\/liste-1024x843-1.png\" alt=\"\" class=\"wp-image-862\" srcset=\"https:\/\/s3curity.info\/wp\/wp-content\/uploads\/2023\/02\/liste-1024x843-1.png 1024w, https:\/\/s3curity.info\/wp\/wp-content\/uploads\/2023\/02\/liste-1024x843-1-300x247.png 300w, https:\/\/s3curity.info\/wp\/wp-content\/uploads\/2023\/02\/liste-1024x843-1-768x632.png 768w\" sizes=\"auto, (max-width: 1024px) 100vw, 1024px\" \/><\/figure>\n<\/div>\n\n<div class=\"wp-block-image\">\n<figure class=\"aligncenter size-full\"><img loading=\"lazy\" decoding=\"async\" width=\"1024\" height=\"588\" src=\"https:\/\/s3curity.info\/wp\/wp-content\/uploads\/2023\/02\/interactif-1024x588-1.png\" alt=\"\" class=\"wp-image-863\" srcset=\"https:\/\/s3curity.info\/wp\/wp-content\/uploads\/2023\/02\/interactif-1024x588-1.png 1024w, https:\/\/s3curity.info\/wp\/wp-content\/uploads\/2023\/02\/interactif-1024x588-1-300x172.png 300w, https:\/\/s3curity.info\/wp\/wp-content\/uploads\/2023\/02\/interactif-1024x588-1-768x441.png 768w\" sizes=\"auto, (max-width: 1024px) 100vw, 1024px\" \/><\/figure>\n<\/div>\n\n\n<div style=\"height:100px\" aria-hidden=\"true\" class=\"wp-block-spacer\"><\/div>\n\n\n\n<p class=\"has-text-align-center has-large-font-size\"><strong>FAQ<\/strong><\/p>\n\n\n\n<p><\/p>\n\n\n\n<p class=\"has-text-align-center has-medium-font-size\"><strong><em>Je ne vois pas les liens de l&rsquo;histoire<\/em><\/strong><\/p>\n\n\n\n<p class=\"has-text-align-center has-medium-font-size\"><strong><em>sur le code source du site Une histoire et Oli<\/em><\/strong><\/p>\n\n\n\n<p class=\"has-text-align-center\">Depuis le lancement de la vid\u00e9o \u00ab\u00a0<em><strong>NOUVEAU HACK DE MA LUNII !!!<\/strong><\/em>\u00ab\u00a0,<\/p>\n\n\n\n<p class=\"has-text-align-center\">le site de \u00ab\u00a0<em><strong>Une Histoire et Oli<\/strong><\/em>\u00a0\u00bb a chang\u00e9.<\/p>\n\n\n\n<p class=\"has-text-align-center\">Merci de vous rapprocher de ces 2 vid\u00e9os pour retrouver la nouvelle astuce :<\/p>\n\n\n\n<figure class=\"wp-block-embed is-type-video is-provider-youtube wp-block-embed-youtube wp-embed-aspect-16-9 wp-has-aspect-ratio\"><div class=\"wp-block-embed__wrapper\">\n<iframe loading=\"lazy\" title=\"LUNII - TELECHARGER DE NOUVELLES HISTOIRES\" width=\"600\" height=\"338\" src=\"https:\/\/www.youtube.com\/embed\/dq4B7J49QZE?feature=oembed\" frameborder=\"0\" allow=\"accelerometer; autoplay; clipboard-write; encrypted-media; gyroscope; picture-in-picture; web-share\" referrerpolicy=\"strict-origin-when-cross-origin\" allowfullscreen><\/iframe>\n<\/div><\/figure>\n\n\n\n<figure class=\"wp-block-embed is-type-video is-provider-youtube wp-block-embed-youtube wp-embed-aspect-16-9 wp-has-aspect-ratio\"><div class=\"wp-block-embed__wrapper\">\n<iframe loading=\"lazy\" title=\"LUNII - HISTOIRES GRATUITES - GUIDE COMPLET\" width=\"600\" height=\"338\" src=\"https:\/\/www.youtube.com\/embed\/mb4jvvpumqs?feature=oembed\" frameborder=\"0\" allow=\"accelerometer; autoplay; clipboard-write; encrypted-media; gyroscope; picture-in-picture; web-share\" referrerpolicy=\"strict-origin-when-cross-origin\" allowfullscreen><\/iframe>\n<\/div><\/figure>\n\n\n\n<div style=\"height:100px\" aria-hidden=\"true\" class=\"wp-block-spacer\"><\/div>\n\n\n\n<p class=\"has-text-align-center has-medium-font-size\"><strong><em>Peut-on mettre des histoires de +30min<\/em><\/strong><\/p>\n\n\n\n<p class=\"has-text-align-center has-medium-font-size\"><strong><em>(qui bloquait sur le pr\u00e9c\u00e9dent logiciel) ?<\/em><\/strong><\/p>\n\n\n\n<p class=\"has-text-align-center\">Oui, j&rsquo;ai pu tester avec le logiciel STUdio, l&rsquo;ajout d&rsquo;un fichier audio de <strong>1H05<\/strong> et aucun soucis dessus, l&rsquo;histoire \u00e9tait bien compl\u00e8te.<\/p>\n\n\n\n<div style=\"height:100px\" aria-hidden=\"true\" class=\"wp-block-spacer\"><\/div>\n\n\n\n<p class=\"has-text-align-center has-medium-font-size\"><strong><em>Le logiciel bloque lors du transfert d&rsquo;histoires ou l&rsquo;enregistrement<\/em><\/strong><\/p>\n\n\n\n<p class=\"has-text-align-center\">Sachez que le temps peut varier en fonction de la puissance de votre ordinateur.<\/p>\n\n\n\n<p class=\"has-text-align-center\">J&rsquo;ai pu tester sur diff\u00e9rentes machines et effectivement, on a l&rsquo;impression que \u00e7a plante mais c&rsquo;est juste long donc, gardez patience, \u00e7a va fonctionner mais avec du temps en plus.<\/p>\n\n\n\n<div style=\"height:100px\" aria-hidden=\"true\" class=\"wp-block-spacer\"><\/div>\n\n\n\n<p class=\"has-text-align-center has-medium-font-size\"><strong><em>Les liens de t\u00e9l\u00e9chargement des histoires propos\u00e9es en description des vid\u00e9os ne fonctionnent plus<\/em><\/strong><\/p>\n\n\n\n<p class=\"has-text-align-center\">Rassurez-vous, les liens sont toujours disponibles (ceux sur \u00ab\u00a0univers36.free.fr\u00a0\u00bb), c&rsquo;est juste que votre navigateur doit les bloquer. Changez de navigateurs internet comme Firefox et vous verrez que les liens seront \u00e0 nouveau fonctionnels.<\/p>\n\n\n\n<div style=\"height:100px\" aria-hidden=\"true\" class=\"wp-block-spacer\"><\/div>\n\n\n\n<p class=\"has-text-align-center has-medium-font-size\"><strong><em>Je n&rsquo;arrive pas \u00e0 lancer le logiciel STUdio<\/em><\/strong><\/p>\n\n\n\n<p class=\"has-text-align-center\">Le logiciel STUdio demande l&rsquo;installation de JAVA, c&rsquo;est une des nombreuses causes de non fonctionnement. N&rsquo;h\u00e9sitez pas \u00e0 d\u00e9sinstaller et r\u00e9installer JAVA.<\/p>\n\n\n\n<p class=\"has-text-align-center\">Si vraiment \u00e7a ne fonctionne pas, voici quelques astuces pour solutionner vos probl\u00e8mes :<\/p>\n\n\n\n<p class=\"has-text-align-center\"><em><strong>Connecter la Lunii au LuniiStore afin que celle-ci se mette \u00e0 jour<\/strong><\/em><\/p>\n\n\n\n<p class=\"has-text-align-center\"><em><strong>Mettre \u00e0 jour votre syst\u00e8me (Windows, MacOS, Linux) et red\u00e9marrer l&rsquo;ordi<\/strong><\/em><\/p>\n\n\n\n<p class=\"has-text-align-center\"><em><strong>Installer ou mettre \u00e0 jour JAVA<\/strong><\/em><\/p>\n\n\n\n<p class=\"has-text-align-center\"><em><strong>Ex\u00e9cuter le fichier de lancement de STUdio en \u00ab\u00a0Administrateur\u00a0\u00bb<\/strong><\/em><\/p>\n\n\n\n<p class=\"has-text-align-center\"><em><strong>T\u00e9l\u00e9charger \u00e0 nouveau le logiciel STUdio pour le reprendre par d\u00e9faut<\/strong><\/em><\/p>\n\n\n\n<p class=\"has-text-align-center\"><em><strong>Red\u00e9marrer la Lunii<\/strong><\/em><\/p>\n\n\n\n<p class=\"has-text-align-center\"><em><strong>Tester un autre port USB<\/strong><\/em><\/p>\n\n\n\n<p class=\"has-text-align-center\"><strong><em>Supprimer les fichiers temporaire de STUdio (Activer les fichiers cach\u00e9s) \u00ab\u00a0Nom de l&rsquo;utilisateur\u00a0\u00bb\/AppData\/Roaming\/Luniitheque\/packs\/<\/em><\/strong><\/p>\n\n\n\n<p class=\"has-text-align-center\">Regardez \u00e9galement la vid\u00e9o suivante o\u00f9 j&rsquo;explique comment solutionner les probl\u00e8mes :<\/p>\n\n\n\n<figure class=\"wp-block-embed is-type-video is-provider-youtube wp-block-embed-youtube wp-embed-aspect-16-9 wp-has-aspect-ratio\"><div class=\"wp-block-embed__wrapper\">\n<iframe loading=\"lazy\" title=\"LUNII - HISTOIRES GRATUITES - GUIDE COMPLET\" width=\"600\" height=\"338\" src=\"https:\/\/www.youtube.com\/embed\/mb4jvvpumqs?feature=oembed\" frameborder=\"0\" allow=\"accelerometer; autoplay; clipboard-write; encrypted-media; gyroscope; picture-in-picture; web-share\" referrerpolicy=\"strict-origin-when-cross-origin\" allowfullscreen><\/iframe>\n<\/div><\/figure>\n\n\n\n<div style=\"height:100px\" aria-hidden=\"true\" class=\"wp-block-spacer\"><\/div>\n\n\n\n<p class=\"has-text-align-center has-medium-font-size\"><strong><em>J&rsquo;ai des soucis et je suis sous MacO<\/em><\/strong>S<\/p>\n\n\n\n<figure class=\"wp-block-embed is-type-video is-provider-youtube wp-block-embed-youtube wp-embed-aspect-16-9 wp-has-aspect-ratio\"><div class=\"wp-block-embed__wrapper\">\n<iframe loading=\"lazy\" title=\"RENDRE STUDIO FONCTIONNEL SUR MACOS + SURPRISE\" width=\"600\" height=\"338\" src=\"https:\/\/www.youtube.com\/embed\/h51gA5qZU_g?feature=oembed\" frameborder=\"0\" allow=\"accelerometer; autoplay; clipboard-write; encrypted-media; gyroscope; picture-in-picture; web-share\" referrerpolicy=\"strict-origin-when-cross-origin\" allowfullscreen><\/iframe>\n<\/div><\/figure>\n\n\n\n<div style=\"height:100px\" aria-hidden=\"true\" class=\"wp-block-spacer\"><\/div>\n\n\n\n<p class=\"has-text-align-center has-large-font-size\"><strong>PACKS PERSO ACTUELLEMENT<\/strong><\/p>\n\n\n\n<p class=\"has-text-align-center has-large-font-size\"><strong>DISPONIBLES<\/strong><\/p>\n\n\n\n<p class=\"has-text-align-center has-medium-font-size\"><strong>(<em>A importer directement sur STUdio<\/em>)<\/strong><\/p>\n\n\n\n<div style=\"height:100px\" aria-hidden=\"true\" class=\"wp-block-spacer\"><\/div>\n\n\n\n<div class=\"wp-block-buttons is-content-justification-center is-layout-flex wp-container-core-buttons-is-layout-16018d1d wp-block-buttons-is-layout-flex\">\n<div class=\"wp-block-button\"><a class=\"wp-block-button__link wp-element-button\" href=\"http:\/\/univers36.free.fr\/lunii\/Pack 01.zip\" target=\"_blank\" rel=\"noreferrer noopener\">Pack 01<\/a><\/div>\n<\/div>\n\n\n\n<p><\/p>\n\n\n\n<div class=\"wp-block-buttons is-content-justification-center is-layout-flex wp-container-core-buttons-is-layout-16018d1d wp-block-buttons-is-layout-flex\">\n<div class=\"wp-block-button\"><a class=\"wp-block-button__link wp-element-button\" href=\"http:\/\/univers36.free.fr\/lunii\/Pack 02.zip\">Pack 02<\/a><\/div>\n<\/div>\n\n\n\n<p><\/p>\n\n\n\n<div class=\"wp-block-buttons is-content-justification-center is-layout-flex wp-container-core-buttons-is-layout-16018d1d wp-block-buttons-is-layout-flex\">\n<div class=\"wp-block-button\"><a class=\"wp-block-button__link wp-element-button\" href=\"http:\/\/univers36.free.fr\/lunii\/Pack 03.zip\">Pack 03<\/a><\/div>\n<\/div>\n\n\n\n<p><\/p>\n\n\n\n<div class=\"wp-block-buttons is-content-justification-center is-layout-flex wp-container-core-buttons-is-layout-16018d1d wp-block-buttons-is-layout-flex\">\n<div class=\"wp-block-button\"><a class=\"wp-block-button__link wp-element-button\" href=\"http:\/\/univers36.free.fr\/lunii\/Pack 04.zip\">Pack 04<\/a><\/div>\n<\/div>\n\n\n\n<p class=\"has-text-align-center\"><\/p>\n\n\n\n<div style=\"height:100px\" aria-hidden=\"true\" class=\"wp-block-spacer\"><\/div>\n\n\n\n<p class=\"has-text-align-center has-large-font-size\"><strong>VID\u00c9OS EN LIGN<\/strong>E<\/p>\n\n\n\n<figure class=\"wp-block-embed is-type-video is-provider-youtube wp-block-embed-youtube wp-embed-aspect-16-9 wp-has-aspect-ratio\"><div class=\"wp-block-embed__wrapper\">\n<iframe loading=\"lazy\" title=\"COMMENT HACKER SA LUNII\" width=\"600\" height=\"338\" src=\"https:\/\/www.youtube.com\/embed\/vRcxyRQPp1Q?feature=oembed\" frameborder=\"0\" allow=\"accelerometer; autoplay; clipboard-write; encrypted-media; gyroscope; picture-in-picture; web-share\" referrerpolicy=\"strict-origin-when-cross-origin\" allowfullscreen><\/iframe>\n<\/div><\/figure>\n\n\n\n<hr class=\"wp-block-separator has-alpha-channel-opacity\"\/>\n\n\n\n<figure class=\"wp-block-embed is-type-video is-provider-youtube wp-block-embed-youtube wp-embed-aspect-16-9 wp-has-aspect-ratio\"><div class=\"wp-block-embed__wrapper\">\n<iframe loading=\"lazy\" title=\"HACKER SA LUNII V2 (USB-C)\" width=\"600\" height=\"338\" src=\"https:\/\/www.youtube.com\/embed\/edUuot0wWl4?feature=oembed\" frameborder=\"0\" allow=\"accelerometer; autoplay; clipboard-write; encrypted-media; gyroscope; picture-in-picture; web-share\" referrerpolicy=\"strict-origin-when-cross-origin\" allowfullscreen><\/iframe>\n<\/div><\/figure>\n\n\n\n<hr class=\"wp-block-separator has-alpha-channel-opacity\"\/>\n\n\n\n<figure class=\"wp-block-embed is-type-video is-provider-youtube wp-block-embed-youtube wp-embed-aspect-16-9 wp-has-aspect-ratio\"><div class=\"wp-block-embed__wrapper\">\n<iframe loading=\"lazy\" title=\"NOUVEAU HACK DE MA LUNII !!!\" width=\"600\" height=\"338\" src=\"https:\/\/www.youtube.com\/embed\/wH6yhHF4p7w?feature=oembed\" frameborder=\"0\" allow=\"accelerometer; autoplay; clipboard-write; encrypted-media; gyroscope; picture-in-picture; web-share\" referrerpolicy=\"strict-origin-when-cross-origin\" allowfullscreen><\/iframe>\n<\/div><\/figure>\n\n\n\n<hr class=\"wp-block-separator has-alpha-channel-opacity\"\/>\n\n\n\n<figure class=\"wp-block-embed is-type-video is-provider-youtube wp-block-embed-youtube wp-embed-aspect-16-9 wp-has-aspect-ratio\"><div class=\"wp-block-embed__wrapper\">\n<iframe loading=\"lazy\" title=\"LUNII - TELECHARGER DE NOUVELLES HISTOIRES\" width=\"600\" height=\"338\" src=\"https:\/\/www.youtube.com\/embed\/dq4B7J49QZE?feature=oembed\" frameborder=\"0\" allow=\"accelerometer; autoplay; clipboard-write; encrypted-media; gyroscope; picture-in-picture; web-share\" referrerpolicy=\"strict-origin-when-cross-origin\" allowfullscreen><\/iframe>\n<\/div><\/figure>\n\n\n\n<hr class=\"wp-block-separator has-alpha-channel-opacity\"\/>\n\n\n\n<figure class=\"wp-block-embed is-type-video is-provider-youtube wp-block-embed-youtube wp-embed-aspect-16-9 wp-has-aspect-ratio\"><div class=\"wp-block-embed__wrapper\">\n<iframe loading=\"lazy\" title=\"LUNII - HISTOIRES GRATUITES - GUIDE COMPLET\" width=\"600\" height=\"338\" src=\"https:\/\/www.youtube.com\/embed\/mb4jvvpumqs?feature=oembed\" frameborder=\"0\" allow=\"accelerometer; autoplay; clipboard-write; encrypted-media; gyroscope; picture-in-picture; web-share\" referrerpolicy=\"strict-origin-when-cross-origin\" allowfullscreen><\/iframe>\n<\/div><\/figure>\n\n\n\n<figure class=\"wp-block-embed is-type-video is-provider-youtube wp-block-embed-youtube wp-embed-aspect-16-9 wp-has-aspect-ratio\"><div class=\"wp-block-embed__wrapper\">\n<iframe loading=\"lazy\" title=\"LUNII V3, ENFIN HACK\u00c9E !!!\" width=\"600\" height=\"338\" src=\"https:\/\/www.youtube.com\/embed\/x2v88dJ0ZH8?feature=oembed\" frameborder=\"0\" allow=\"accelerometer; autoplay; clipboard-write; encrypted-media; gyroscope; picture-in-picture; web-share\" referrerpolicy=\"strict-origin-when-cross-origin\" allowfullscreen><\/iframe>\n<\/div><\/figure>\n\n\n\n<figure class=\"wp-block-embed is-type-video is-provider-youtube wp-block-embed-youtube wp-embed-aspect-16-9 wp-has-aspect-ratio\"><div class=\"wp-block-embed__wrapper\">\n<iframe loading=\"lazy\" title=\"RENDRE STUDIO FONCTIONNEL SUR MACOS + SURPRISE\" width=\"600\" height=\"338\" src=\"https:\/\/www.youtube.com\/embed\/h51gA5qZU_g?feature=oembed\" frameborder=\"0\" allow=\"accelerometer; autoplay; clipboard-write; encrypted-media; gyroscope; picture-in-picture; web-share\" referrerpolicy=\"strict-origin-when-cross-origin\" allowfullscreen><\/iframe>\n<\/div><\/figure>\n","protected":false},"excerpt":{"rendered":"<p>Cette boite \u00e0 histoires fonctionne sur le principe des histoires dont vous \u00eates le h\u00e9roavec la possibilit\u00e9 de choisir plusieurs param\u00e8tres de l&rsquo;histoireDe base, vous pouvez cr\u00e9er 48 histoires diff\u00e9rentes et par la suite, en acheter de nouvelles via la LuniiStore ACHATS LIENS DE T\u00c9L\u00c9CHARGEMENTS FAQ Je ne vois pas les liens de l&rsquo;histoire sur [&hellip;]<\/p>\n","protected":false},"author":1,"featured_media":0,"parent":0,"menu_order":0,"comment_status":"closed","ping_status":"closed","template":"","meta":{"footnotes":""},"class_list":["post-844","page","type-page","status-publish","hentry"],"_links":{"self":[{"href":"https:\/\/s3curity.info\/wp\/wp-json\/wp\/v2\/pages\/844","targetHints":{"allow":["GET"]}}],"collection":[{"href":"https:\/\/s3curity.info\/wp\/wp-json\/wp\/v2\/pages"}],"about":[{"href":"https:\/\/s3curity.info\/wp\/wp-json\/wp\/v2\/types\/page"}],"author":[{"embeddable":true,"href":"https:\/\/s3curity.info\/wp\/wp-json\/wp\/v2\/users\/1"}],"replies":[{"embeddable":true,"href":"https:\/\/s3curity.info\/wp\/wp-json\/wp\/v2\/comments?post=844"}],"version-history":[{"count":86,"href":"https:\/\/s3curity.info\/wp\/wp-json\/wp\/v2\/pages\/844\/revisions"}],"predecessor-version":[{"id":1561,"href":"https:\/\/s3curity.info\/wp\/wp-json\/wp\/v2\/pages\/844\/revisions\/1561"}],"wp:attachment":[{"href":"https:\/\/s3curity.info\/wp\/wp-json\/wp\/v2\/media?parent=844"}],"curies":[{"name":"wp","href":"https:\/\/api.w.org\/{rel}","templated":true}]}}